{"id":9626,"date":"2025-08-18T07:56:34","date_gmt":"2025-08-18T05:56:34","guid":{"rendered":"https:\/\/www.zwiebelblueher.de\/wp\/?post_type=product&#038;p=9626"},"modified":"2025-11-30T12:45:51","modified_gmt":"2025-11-30T10:45:51","slug":"stickerbogen-a5-winter-2-stueck","status":"publish","type":"product","link":"https:\/\/www.zwiebelblueher.de\/wp\/produkt\/stickerbogen-a5-winter-2-stueck\/","title":{"rendered":"Stickerbogen A5 &#8222;Winter&#8220; 2 St\u00fcck"},"content":{"rendered":"<p>Stickerbogen (DIN A5) mit vielen unterschiedlichen Papierstickern in drei Gr\u00f6\u00dfen. Selbstklebende Sticker auf cremefarbenem Naturpapier. Jeweils drei quadratische und rechteckige Sticker, sowie 18 kleine runde pro Bogen. Zum Verzieren von Geschenken und Briefen, f\u00fcr den Adventskalender, f\u00fcr das Tagebuch.<\/p>\n<p>2 identische B\u00f6gen im Format DIN A5 (14,8 x 21 cm).<\/p>\n","protected":false},"excerpt":{"rendered":"<p>Stickerbogen A5 &#8222;Winter&#8220;, selbstklebende Sticker, 2 B\u00f6gen<\/p>\n","protected":false},"featured_media":9630,"comment_status":"closed","ping_status":"closed","template":"","meta":[],"product_brand":[],"product_cat":[118,162,117,159,126],"product_tag":[],"class_list":{"0":"post-9626","1":"product","2":"type-product","3":"status-publish","4":"has-post-thumbnail","6":"product_cat-aufkleber","7":"product_cat-fuer-den-adventskalender","8":"product_cat-papeterie","9":"product_cat-weihnachten","10":"product_cat-zum-selbermachen","12":"first","13":"instock","14":"taxable","15":"shipping-taxable","16":"purchasable","17":"product-type-simple"},"_links":{"self":[{"href":"https:\/\/www.zwiebelblueher.de\/wp\/wp-json\/wp\/v2\/product\/9626","targetHints":{"allow":["GET"]}}],"collection":[{"href":"https:\/\/www.zwiebelblueher.de\/wp\/wp-json\/wp\/v2\/product"}],"about":[{"href":"https:\/\/www.zwiebelblueher.de\/wp\/wp-json\/wp\/v2\/types\/product"}],"replies":[{"embeddable":true,"href":"https:\/\/www.zwiebelblueher.de\/wp\/wp-json\/wp\/v2\/comments?post=9626"}],"wp:featuredmedia":[{"embeddable":true,"href":"https:\/\/www.zwiebelblueher.de\/wp\/wp-json\/wp\/v2\/media\/9630"}],"wp:attachment":[{"href":"https:\/\/www.zwiebelblueher.de\/wp\/wp-json\/wp\/v2\/media?parent=9626"}],"wp:term":[{"taxonomy":"product_brand","embeddable":true,"href":"https:\/\/www.zwiebelblueher.de\/wp\/wp-json\/wp\/v2\/product_brand?post=9626"},{"taxonomy":"product_cat","embeddable":true,"href":"https:\/\/www.zwiebelblueher.de\/wp\/wp-json\/wp\/v2\/product_cat?post=9626"},{"taxonomy":"product_tag","embeddable":true,"href":"https:\/\/www.zwiebelblueher.de\/wp\/wp-json\/wp\/v2\/product_tag?post=9626"}],"curies":[{"name":"wp","href":"https:\/\/api.w.org\/{rel}","templated":true}]}}