{"id":899,"date":"2016-01-13T14:45:36","date_gmt":"2016-01-13T12:45:36","guid":{"rendered":"http:\/\/www.zwiebelblueher.de\/wp\/?product=klappkarte-farn"},"modified":"2025-01-15T11:35:50","modified_gmt":"2025-01-15T09:35:50","slug":"klappkarte-farn","status":"publish","type":"product","link":"https:\/\/www.zwiebelblueher.de\/wp\/produkt\/klappkarte-farn\/","title":{"rendered":"Klappkarte &#8222;Zart &#038; Gr\u00fcn&#8220;"},"content":{"rendered":"<p>Farnlaub, filigrane Blattsilhouetten, eine ruhige Komposition in Gr\u00fcnt\u00f6nen schm\u00fccken Vorder- und R\u00fcckseite dieser Karte.<br \/>\nMit kleinem Schmuckbild auf der zartgr\u00fcnen Innenseite.<\/p>\n<p>Klimaneutral gedruckt auf 300 g starkem Chromokarton (FSC-Mix). Die Au\u00dfenseite ist matt veredelt, die Innenseite gut beschreibbar.<br \/>\nMit cremefarbenem Umschlag (FSC-Mix), in Zellophanh\u00fclle.<\/p>\n<p>Das Zehnerpaket enth\u00e4lt 10 Karten und 10 Umschl\u00e4ge; die Karten sind nicht einzeln cellophaniert und werden in einer Papiert\u00fcte geliefert.<\/p>\n<p>&nbsp;<\/p>\n","protected":false},"excerpt":{"rendered":"<p>Klappkarte A6, klimaneutral gedruckt, mit cremewei\u00dfem Umschlag, FSC-Mix<\/p>\n","protected":false},"featured_media":4823,"comment_status":"closed","ping_status":"closed","template":"","meta":[],"product_brand":[],"product_cat":[55],"product_tag":[],"class_list":{"0":"post-899","1":"product","2":"type-product","3":"status-publish","4":"has-post-thumbnail","6":"product_cat-klappkarten","8":"first","9":"instock","10":"taxable","11":"shipping-taxable","12":"purchasable","13":"product-type-variable"},"_links":{"self":[{"href":"https:\/\/www.zwiebelblueher.de\/wp\/wp-json\/wp\/v2\/product\/899","targetHints":{"allow":["GET"]}}],"collection":[{"href":"https:\/\/www.zwiebelblueher.de\/wp\/wp-json\/wp\/v2\/product"}],"about":[{"href":"https:\/\/www.zwiebelblueher.de\/wp\/wp-json\/wp\/v2\/types\/product"}],"replies":[{"embeddable":true,"href":"https:\/\/www.zwiebelblueher.de\/wp\/wp-json\/wp\/v2\/comments?post=899"}],"wp:featuredmedia":[{"embeddable":true,"href":"https:\/\/www.zwiebelblueher.de\/wp\/wp-json\/wp\/v2\/media\/4823"}],"wp:attachment":[{"href":"https:\/\/www.zwiebelblueher.de\/wp\/wp-json\/wp\/v2\/media?parent=899"}],"wp:term":[{"taxonomy":"product_brand","embeddable":true,"href":"https:\/\/www.zwiebelblueher.de\/wp\/wp-json\/wp\/v2\/product_brand?post=899"},{"taxonomy":"product_cat","embeddable":true,"href":"https:\/\/www.zwiebelblueher.de\/wp\/wp-json\/wp\/v2\/product_cat?post=899"},{"taxonomy":"product_tag","embeddable":true,"href":"https:\/\/www.zwiebelblueher.de\/wp\/wp-json\/wp\/v2\/product_tag?post=899"}],"curies":[{"name":"wp","href":"https:\/\/api.w.org\/{rel}","templated":true}]}}