{"id":826,"date":"2015-12-03T11:00:37","date_gmt":"2015-12-03T09:00:37","guid":{"rendered":"http:\/\/www.zwiebelblueher.de\/wp\/?product=klappkarte-sterne-querformat"},"modified":"2025-08-18T07:52:55","modified_gmt":"2025-08-18T05:52:55","slug":"klappkarte-sterne-querformat","status":"publish","type":"product","link":"https:\/\/www.zwiebelblueher.de\/wp\/produkt\/klappkarte-sterne-querformat\/","title":{"rendered":"Klappkarte &#8222;Weihnachten, quer&#8220;"},"content":{"rendered":"<p>Hochwertige Klappkarte (Querformat) mit\u00a0weihnachtlich-botanischen Motiven.<\/p>\n<p>Format: DIN A6. Klimaneutral gedruckt auf 300 g starkem Chromokarton (FSC-Mix). Die Au\u00dfenseite ist matt veredelt, die Innenseite gut beschreibbar.<br \/>\nDie Innenseite ist fast leer, nur am unteren Rand findet sich eine kleine Sternen-Schmuckkante.<br \/>\nMit cremewei\u00dfem Umschlag (FSC-Mix), in Cellophanh\u00fclle.<\/p>\n<p>Das Zehnerpaket enth\u00e4lt 10 Karten und 10 Umschl\u00e4ge; die Karten sind nicht einzeln cellophaniert und werden in einer Papiert\u00fcte geliefert.<\/p>\n<p>&nbsp;<\/p>\n<p>&nbsp;<\/p>\n","protected":false},"excerpt":{"rendered":"<p>Klappkarte A6, klimaneutral gedruckt, mit cremewei\u00dfem Umschlag, FSC-Mix<\/p>\n","protected":false},"featured_media":4825,"comment_status":"closed","ping_status":"closed","template":"","meta":[],"product_brand":[],"product_cat":[55,159,163],"product_tag":[],"class_list":{"0":"post-826","1":"product","2":"type-product","3":"status-publish","4":"has-post-thumbnail","6":"product_cat-klappkarten","7":"product_cat-weihnachten","8":"product_cat-weihnachtskarten","10":"first","11":"instock","12":"taxable","13":"shipping-taxable","14":"purchasable","15":"product-type-variable"},"_links":{"self":[{"href":"https:\/\/www.zwiebelblueher.de\/wp\/wp-json\/wp\/v2\/product\/826","targetHints":{"allow":["GET"]}}],"collection":[{"href":"https:\/\/www.zwiebelblueher.de\/wp\/wp-json\/wp\/v2\/product"}],"about":[{"href":"https:\/\/www.zwiebelblueher.de\/wp\/wp-json\/wp\/v2\/types\/product"}],"replies":[{"embeddable":true,"href":"https:\/\/www.zwiebelblueher.de\/wp\/wp-json\/wp\/v2\/comments?post=826"}],"wp:featuredmedia":[{"embeddable":true,"href":"https:\/\/www.zwiebelblueher.de\/wp\/wp-json\/wp\/v2\/media\/4825"}],"wp:attachment":[{"href":"https:\/\/www.zwiebelblueher.de\/wp\/wp-json\/wp\/v2\/media?parent=826"}],"wp:term":[{"taxonomy":"product_brand","embeddable":true,"href":"https:\/\/www.zwiebelblueher.de\/wp\/wp-json\/wp\/v2\/product_brand?post=826"},{"taxonomy":"product_cat","embeddable":true,"href":"https:\/\/www.zwiebelblueher.de\/wp\/wp-json\/wp\/v2\/product_cat?post=826"},{"taxonomy":"product_tag","embeddable":true,"href":"https:\/\/www.zwiebelblueher.de\/wp\/wp-json\/wp\/v2\/product_tag?post=826"}],"curies":[{"name":"wp","href":"https:\/\/api.w.org\/{rel}","templated":true}]}}