{"id":7786,"date":"2024-04-24T09:34:24","date_gmt":"2024-04-24T07:34:24","guid":{"rendered":"https:\/\/www.zwiebelblueher.de\/wp\/?post_type=product&#038;p=7786"},"modified":"2025-11-09T09:20:12","modified_gmt":"2025-11-09T07:20:12","slug":"magnet-foliert-klatschmohn-wiesensalbei","status":"publish","type":"product","link":"https:\/\/www.zwiebelblueher.de\/wp\/produkt\/magnet-foliert-klatschmohn-wiesensalbei\/","title":{"rendered":"Magnet foliert &#8222;Klatschmohn &#038; Wiesensalbei&#8220;"},"content":{"rendered":"<p>Folierter Magnet in der Gr\u00f6\u00dfe 5,4 mal 7,9 Zentimeter. Ein kr\u00e4ftiger Magnet, der auch mehrere Zettel am K\u00fchlschrank oder an der Magnetwand fixiert.<\/p>\n<div class=\"page\" title=\"Page 2\">\n<div class=\"layoutArea\">\n<div class=\"column\">\n<div class=\"page\" title=\"Page 2\">\n<div class=\"layoutArea\">\n<div class=\"column\">\n<div class=\"page\" title=\"Page 2\">\n<div class=\"layoutArea\">\n<div class=\"column\">\n<div class=\"page\" title=\"Page 2\">\n<div class=\"layoutArea\">\n<div class=\"column\">\n<div class=\"page\" title=\"Page 2\">\n<div class=\"layoutArea\">\n<div class=\"column\">\n<p>Motiv: &#8222;Klatschmohn &amp; Wiesensalbei&#8220;<br \/>\nHergestellt in der EU.<\/p>\n<\/div>\n<\/div>\n<\/div>\n<\/div>\n<\/div>\n<\/div>\n<\/div>\n<\/div>\n<\/div>\n<\/div>\n<\/div>\n<\/div>\n<\/div>\n<\/div>\n<\/div>\n<p>&nbsp;<\/p>\n","protected":false},"excerpt":{"rendered":"<p>Folienmagnet &#8222;Klatschmohn &amp; Wiesensalbei&#8220; , 5,4 x 7,9 cm<\/p>\n","protected":false},"featured_media":7773,"comment_status":"closed","ping_status":"closed","template":"","meta":[],"product_brand":[],"product_cat":[162,111],"product_tag":[],"class_list":{"0":"post-7786","1":"product","2":"type-product","3":"status-publish","4":"has-post-thumbnail","6":"product_cat-fuer-den-adventskalender","7":"product_cat-magnete","9":"first","10":"instock","11":"taxable","12":"shipping-taxable","13":"purchasable","14":"product-type-simple"},"_links":{"self":[{"href":"https:\/\/www.zwiebelblueher.de\/wp\/wp-json\/wp\/v2\/product\/7786","targetHints":{"allow":["GET"]}}],"collection":[{"href":"https:\/\/www.zwiebelblueher.de\/wp\/wp-json\/wp\/v2\/product"}],"about":[{"href":"https:\/\/www.zwiebelblueher.de\/wp\/wp-json\/wp\/v2\/types\/product"}],"replies":[{"embeddable":true,"href":"https:\/\/www.zwiebelblueher.de\/wp\/wp-json\/wp\/v2\/comments?post=7786"}],"wp:featuredmedia":[{"embeddable":true,"href":"https:\/\/www.zwiebelblueher.de\/wp\/wp-json\/wp\/v2\/media\/7773"}],"wp:attachment":[{"href":"https:\/\/www.zwiebelblueher.de\/wp\/wp-json\/wp\/v2\/media?parent=7786"}],"wp:term":[{"taxonomy":"product_brand","embeddable":true,"href":"https:\/\/www.zwiebelblueher.de\/wp\/wp-json\/wp\/v2\/product_brand?post=7786"},{"taxonomy":"product_cat","embeddable":true,"href":"https:\/\/www.zwiebelblueher.de\/wp\/wp-json\/wp\/v2\/product_cat?post=7786"},{"taxonomy":"product_tag","embeddable":true,"href":"https:\/\/www.zwiebelblueher.de\/wp\/wp-json\/wp\/v2\/product_tag?post=7786"}],"curies":[{"name":"wp","href":"https:\/\/api.w.org\/{rel}","templated":true}]}}