{"id":7572,"date":"2023-03-22T16:12:56","date_gmt":"2023-03-22T14:12:56","guid":{"rendered":"https:\/\/www.zwiebelblueher.de\/wp\/?post_type=product&#038;p=7572"},"modified":"2026-04-25T14:33:12","modified_gmt":"2026-04-25T12:33:12","slug":"duftwicke-noel-sutton-saat-im-doeschen","status":"publish","type":"product","link":"https:\/\/www.zwiebelblueher.de\/wp\/produkt\/duftwicke-noel-sutton-saat-im-doeschen\/","title":{"rendered":"Duftwicke &#8218;Noel Sutton&#8216; &#8211; Saat im D\u00f6schen"},"content":{"rendered":"<p><strong>Duftwicke \u00a0<em>Lathyrus odoratus <\/em>&#8218;Noel Sutton&#8216;<\/strong><\/p>\n<p>Duftwickensorte mit zahlreichen, mittelblauen Bl\u00fcten und gutem Duft.<\/p>\n<p><strong>H\u00f6he:<\/strong> 180 cm\u00a0 <strong>\u2022\u00a0 Standort:<\/strong> sonnig\u00a0 \u2022\u00a0 Aussaat im M\u00e4rz bis April in Module.<\/p>\n<p>1 Portion Saat im Schraubdeckeld\u00f6schen (\u00d8 3,5 cm). Inhalt reicht f\u00fcr ca. 15 Pflanzen.<\/p>\n<p>Bitte lesen Sie unsere ausf\u00fchrliche<strong><a href=\"http:\/\/www.zwiebelblueher.de\/wp\/category\/duftwicken\/\"> Kulturanleitung f\u00fcr Duftwicken<\/a>.<\/strong><\/p>\n","protected":false},"excerpt":{"rendered":"<p><em>Lathyrus odoratus &#8218;<\/em>Noel Sutton&#8216; im Schraubdeckeld\u00f6schen; reicht f\u00fcr ca. 15 Pflanzen.<\/p>\n","protected":false},"featured_media":7566,"comment_status":"closed","ping_status":"closed","template":"","meta":[],"product_brand":[],"product_cat":[162,88],"product_tag":[],"class_list":{"0":"post-7572","1":"product","2":"type-product","3":"status-publish","4":"has-post-thumbnail","6":"product_cat-fuer-den-adventskalender","7":"product_cat-saemereien","9":"first","10":"instock","11":"taxable","12":"shipping-taxable","13":"purchasable","14":"product-type-simple"},"_links":{"self":[{"href":"https:\/\/www.zwiebelblueher.de\/wp\/wp-json\/wp\/v2\/product\/7572","targetHints":{"allow":["GET"]}}],"collection":[{"href":"https:\/\/www.zwiebelblueher.de\/wp\/wp-json\/wp\/v2\/product"}],"about":[{"href":"https:\/\/www.zwiebelblueher.de\/wp\/wp-json\/wp\/v2\/types\/product"}],"replies":[{"embeddable":true,"href":"https:\/\/www.zwiebelblueher.de\/wp\/wp-json\/wp\/v2\/comments?post=7572"}],"wp:featuredmedia":[{"embeddable":true,"href":"https:\/\/www.zwiebelblueher.de\/wp\/wp-json\/wp\/v2\/media\/7566"}],"wp:attachment":[{"href":"https:\/\/www.zwiebelblueher.de\/wp\/wp-json\/wp\/v2\/media?parent=7572"}],"wp:term":[{"taxonomy":"product_brand","embeddable":true,"href":"https:\/\/www.zwiebelblueher.de\/wp\/wp-json\/wp\/v2\/product_brand?post=7572"},{"taxonomy":"product_cat","embeddable":true,"href":"https:\/\/www.zwiebelblueher.de\/wp\/wp-json\/wp\/v2\/product_cat?post=7572"},{"taxonomy":"product_tag","embeddable":true,"href":"https:\/\/www.zwiebelblueher.de\/wp\/wp-json\/wp\/v2\/product_tag?post=7572"}],"curies":[{"name":"wp","href":"https:\/\/api.w.org\/{rel}","templated":true}]}}