{"id":6324,"date":"2025-08-18T15:50:33","date_gmt":"2025-08-18T13:50:33","guid":{"rendered":"https:\/\/www.zwiebelblueher.de\/wp\/?post_type=product&#038;p=6324"},"modified":"2025-08-18T15:50:33","modified_gmt":"2025-08-18T13:50:33","slug":"postkarte-weihnachtsbaeumchen","status":"publish","type":"product","link":"https:\/\/www.zwiebelblueher.de\/wp\/produkt\/postkarte-weihnachtsbaeumchen\/","title":{"rendered":"Postkarte &#8222;Weihnachtsb\u00e4umchen&#8220;"},"content":{"rendered":"<p>Ein verspieltes B\u00e4umchenmotiv f\u00fcr die Weihnachtspost.<em><br \/>\n<\/em><\/p>\n<div class=\"page\" title=\"Page 2\">\n<div class=\"layoutArea\">\n<div class=\"column\">\n<div class=\"page\" title=\"Page 2\">\n<div class=\"layoutArea\">\n<div class=\"column\">\n<div class=\"page\" title=\"Page 2\">\n<div class=\"layoutArea\">\n<div class=\"column\">\n<p>Die R\u00fcckseite der Karte ist durchg\u00e4ngig beschreibbar.<\/p>\n<\/div>\n<\/div>\n<\/div>\n<\/div>\n<\/div>\n<\/div>\n<\/div>\n<\/div>\n<\/div>\n<p>Hochwertige Postkarte, A6, gedruckt in Deutschland auf 350 g starkem Postkartenkarton.<br \/>\nDie Vorderseite ist matt veredelt, die R\u00fcckseite gut beschreibbar.<\/p>\n","protected":false},"excerpt":{"rendered":"<p>Postkarte A6, stabiler Postkartenkarton mit matter Veredelung<\/p>\n","protected":false},"featured_media":6268,"comment_status":"closed","ping_status":"closed","template":"","meta":[],"product_brand":[],"product_cat":[109,65,159,163],"product_tag":[],"class_list":{"0":"post-6324","1":"product","2":"type-product","3":"status-publish","4":"has-post-thumbnail","6":"product_cat-karten","7":"product_cat-postkarten","8":"product_cat-weihnachten","9":"product_cat-weihnachtskarten","11":"first","12":"instock","13":"taxable","14":"shipping-taxable","15":"purchasable","16":"product-type-variable"},"_links":{"self":[{"href":"https:\/\/www.zwiebelblueher.de\/wp\/wp-json\/wp\/v2\/product\/6324","targetHints":{"allow":["GET"]}}],"collection":[{"href":"https:\/\/www.zwiebelblueher.de\/wp\/wp-json\/wp\/v2\/product"}],"about":[{"href":"https:\/\/www.zwiebelblueher.de\/wp\/wp-json\/wp\/v2\/types\/product"}],"replies":[{"embeddable":true,"href":"https:\/\/www.zwiebelblueher.de\/wp\/wp-json\/wp\/v2\/comments?post=6324"}],"wp:featuredmedia":[{"embeddable":true,"href":"https:\/\/www.zwiebelblueher.de\/wp\/wp-json\/wp\/v2\/media\/6268"}],"wp:attachment":[{"href":"https:\/\/www.zwiebelblueher.de\/wp\/wp-json\/wp\/v2\/media?parent=6324"}],"wp:term":[{"taxonomy":"product_brand","embeddable":true,"href":"https:\/\/www.zwiebelblueher.de\/wp\/wp-json\/wp\/v2\/product_brand?post=6324"},{"taxonomy":"product_cat","embeddable":true,"href":"https:\/\/www.zwiebelblueher.de\/wp\/wp-json\/wp\/v2\/product_cat?post=6324"},{"taxonomy":"product_tag","embeddable":true,"href":"https:\/\/www.zwiebelblueher.de\/wp\/wp-json\/wp\/v2\/product_tag?post=6324"}],"curies":[{"name":"wp","href":"https:\/\/api.w.org\/{rel}","templated":true}]}}