{"id":4380,"date":"2020-10-26T16:52:46","date_gmt":"2020-10-26T14:52:46","guid":{"rendered":"https:\/\/www.zwiebelblueher.de\/wp\/?post_type=product&#038;p=4380"},"modified":"2026-03-21T17:48:02","modified_gmt":"2026-03-21T15:48:02","slug":"bastelset-chinesisches-rad-gold-bunt","status":"publish","type":"product","link":"https:\/\/www.zwiebelblueher.de\/wp\/produkt\/bastelset-chinesisches-rad-gold-bunt\/","title":{"rendered":"Bastelset &#8222;Chinesisches Rad&#8220; Gold\/Bunt"},"content":{"rendered":"<p>Dieses Bastelset enth\u00e4lt 12 B\u00f6gen Feinpapier in der Gr\u00f6\u00dfe 14,8&#215;14,8cm, die zu einem Chinesischen Rad gefaltet und zusammengesteckt werden k\u00f6nnen, sowie 2 \u00dcbungsb\u00f6gen.<br \/>\nDas bunt bedruckte Papier hat eine creme-wei\u00dfe R\u00fcckseite, das goldene Papier ist beidseitig Goldfarben. In dem Set enthalten ist eine ausf\u00fchrliche Anleitung, die die Faltung der Module sowie das Zusammenstecken des Chinesischen Rades in Text und Zeichnung erl\u00e4utert. Verpackt in einem elfenbeinfarbenem Umschlag (15x15cm) und verschlossen durch eine farblich passende Banderole.<\/p>\n<p>&nbsp;<\/p>\n","protected":false},"excerpt":{"rendered":"<p>Bastelset &#8222;Chinesisches Rad&#8220; Gold\/Bunt, Anleitung und Papier f\u00fcr 1 Rad<\/p>\n","protected":false},"featured_media":4394,"comment_status":"closed","ping_status":"closed","template":"","meta":[],"product_brand":[],"product_cat":[162,126],"product_tag":[],"class_list":{"0":"post-4380","1":"product","2":"type-product","3":"status-publish","4":"has-post-thumbnail","6":"product_cat-fuer-den-adventskalender","7":"product_cat-zum-selbermachen","9":"first","10":"instock","11":"taxable","12":"shipping-taxable","13":"purchasable","14":"product-type-simple"},"_links":{"self":[{"href":"https:\/\/www.zwiebelblueher.de\/wp\/wp-json\/wp\/v2\/product\/4380","targetHints":{"allow":["GET"]}}],"collection":[{"href":"https:\/\/www.zwiebelblueher.de\/wp\/wp-json\/wp\/v2\/product"}],"about":[{"href":"https:\/\/www.zwiebelblueher.de\/wp\/wp-json\/wp\/v2\/types\/product"}],"replies":[{"embeddable":true,"href":"https:\/\/www.zwiebelblueher.de\/wp\/wp-json\/wp\/v2\/comments?post=4380"}],"wp:featuredmedia":[{"embeddable":true,"href":"https:\/\/www.zwiebelblueher.de\/wp\/wp-json\/wp\/v2\/media\/4394"}],"wp:attachment":[{"href":"https:\/\/www.zwiebelblueher.de\/wp\/wp-json\/wp\/v2\/media?parent=4380"}],"wp:term":[{"taxonomy":"product_brand","embeddable":true,"href":"https:\/\/www.zwiebelblueher.de\/wp\/wp-json\/wp\/v2\/product_brand?post=4380"},{"taxonomy":"product_cat","embeddable":true,"href":"https:\/\/www.zwiebelblueher.de\/wp\/wp-json\/wp\/v2\/product_cat?post=4380"},{"taxonomy":"product_tag","embeddable":true,"href":"https:\/\/www.zwiebelblueher.de\/wp\/wp-json\/wp\/v2\/product_tag?post=4380"}],"curies":[{"name":"wp","href":"https:\/\/api.w.org\/{rel}","templated":true}]}}