{"id":3478,"date":"2020-04-20T11:49:50","date_gmt":"2020-04-20T09:49:50","guid":{"rendered":"https:\/\/www.zwiebelblueher.de\/wp\/?post_type=product&#038;p=3478"},"modified":"2025-01-15T11:51:27","modified_gmt":"2025-01-15T09:51:27","slug":"minikarte-wilder-sommer-5-stueck-mit-umschlaegen","status":"publish","type":"product","link":"https:\/\/www.zwiebelblueher.de\/wp\/produkt\/minikarte-wilder-sommer-5-stueck-mit-umschlaegen\/","title":{"rendered":"Minikarte &#8222;Wilder Sommer&#8220; 5 St\u00fcck mit Umschl\u00e4gen"},"content":{"rendered":"<p>F\u00fcnf Minikarten im Format A7 (10,5 x 7,4 cm) mit passenden Umschl\u00e4gen in Cremewei\u00df (FSC-zertifiziert). Diese h\u00fcbschen kleinen Karten sind perfekt f\u00fcr den Gru\u00df zum Geschenk oder Mitbringsel. Einfache Karten (keine Klappkarten) mit matt veredelter Vorderseite und gut beschreibbarer R\u00fcckseite.<\/p>\n<div class=\"page\" title=\"Page 2\">\n<div class=\"layoutArea\">\n<div class=\"column\">\n<div class=\"page\" title=\"Page 2\">\n<div class=\"layoutArea\">\n<div class=\"column\">\n<div class=\"page\" title=\"Page 2\">\n<div class=\"layoutArea\">\n<div class=\"column\">\n<div class=\"page\" title=\"Page 2\">\n<div class=\"layoutArea\">\n<div class=\"column\">\n<div class=\"page\" title=\"Page 2\">\n<div class=\"layoutArea\">\n<div class=\"column\">\n<p>Motiv: Wilder Sommer<\/p>\n<\/div>\n<\/div>\n<\/div>\n<\/div>\n<\/div>\n<\/div>\n<\/div>\n<\/div>\n<\/div>\n<\/div>\n<\/div>\n<\/div>\n<\/div>\n<\/div>\n<\/div>\n<p>Klimaneutral gedruckt in Deutschland auf 280 g starkem Chromokarton.<\/p>\n<p>&nbsp;<\/p>\n","protected":false},"excerpt":{"rendered":"<p>F\u00fcnf Minikarten &#8222;Wilder Sommer&#8220; DIN A7 mit Umschl\u00e4gen<\/p>\n","protected":false},"featured_media":4518,"comment_status":"closed","ping_status":"closed","template":"","meta":[],"product_brand":[],"product_cat":[109,110],"product_tag":[],"class_list":{"0":"post-3478","1":"product","2":"type-product","3":"status-publish","4":"has-post-thumbnail","6":"product_cat-karten","7":"product_cat-minikarten","9":"first","10":"instock","11":"taxable","12":"shipping-taxable","13":"purchasable","14":"product-type-simple"},"_links":{"self":[{"href":"https:\/\/www.zwiebelblueher.de\/wp\/wp-json\/wp\/v2\/product\/3478","targetHints":{"allow":["GET"]}}],"collection":[{"href":"https:\/\/www.zwiebelblueher.de\/wp\/wp-json\/wp\/v2\/product"}],"about":[{"href":"https:\/\/www.zwiebelblueher.de\/wp\/wp-json\/wp\/v2\/types\/product"}],"replies":[{"embeddable":true,"href":"https:\/\/www.zwiebelblueher.de\/wp\/wp-json\/wp\/v2\/comments?post=3478"}],"wp:featuredmedia":[{"embeddable":true,"href":"https:\/\/www.zwiebelblueher.de\/wp\/wp-json\/wp\/v2\/media\/4518"}],"wp:attachment":[{"href":"https:\/\/www.zwiebelblueher.de\/wp\/wp-json\/wp\/v2\/media?parent=3478"}],"wp:term":[{"taxonomy":"product_brand","embeddable":true,"href":"https:\/\/www.zwiebelblueher.de\/wp\/wp-json\/wp\/v2\/product_brand?post=3478"},{"taxonomy":"product_cat","embeddable":true,"href":"https:\/\/www.zwiebelblueher.de\/wp\/wp-json\/wp\/v2\/product_cat?post=3478"},{"taxonomy":"product_tag","embeddable":true,"href":"https:\/\/www.zwiebelblueher.de\/wp\/wp-json\/wp\/v2\/product_tag?post=3478"}],"curies":[{"name":"wp","href":"https:\/\/api.w.org\/{rel}","templated":true}]}}