{"id":3147,"date":"2020-01-30T18:38:53","date_gmt":"2020-01-30T16:38:53","guid":{"rendered":"https:\/\/www.zwiebelblueher.de\/wp\/?post_type=product&#038;p=3147"},"modified":"2025-01-15T11:34:35","modified_gmt":"2025-01-15T09:34:35","slug":"postkarte-einjaehrige-bienenfreunde","status":"publish","type":"product","link":"https:\/\/www.zwiebelblueher.de\/wp\/produkt\/postkarte-einjaehrige-bienenfreunde\/","title":{"rendered":"Postkarte &#8222;Einj\u00e4hrige Bienenfreunde&#8220;"},"content":{"rendered":"<p>Bunter Reigen einj\u00e4hriger Insektenmagneten. Mit kleinem Text und Schmuckbild auf der R\u00fcckseite.<em><br \/>\n<\/em><\/p>\n<div class=\"page\" title=\"Page 2\">\n<div class=\"layoutArea\">\n<div class=\"column\">\n<div class=\"page\" title=\"Page 2\">\n<div class=\"layoutArea\">\n<div class=\"column\">\n<div class=\"page\" title=\"Page 2\">\n<div class=\"layoutArea\">\n<div class=\"column\">\n<p>Die R\u00fcckseite der Karte ist durchg\u00e4ngig beschreibbar.<\/p>\n<\/div>\n<\/div>\n<\/div>\n<\/div>\n<\/div>\n<\/div>\n<\/div>\n<\/div>\n<\/div>\n<p>Hochwertige Postkarte, A6, gedruckt in Deutschland auf 350 g starkem Postkartenkarton.<br \/>\nDie Vorderseite ist matt veredelt, die R\u00fcckseite gut beschreibbar.<\/p>\n","protected":false},"excerpt":{"rendered":"<p>Postkarte A6, stabiler Postkartenkarton mit matter Veredelung<\/p>\n","protected":false},"featured_media":4654,"comment_status":"closed","ping_status":"closed","template":"","meta":[],"product_brand":[],"product_cat":[109,65],"product_tag":[],"class_list":{"0":"post-3147","1":"product","2":"type-product","3":"status-publish","4":"has-post-thumbnail","6":"product_cat-karten","7":"product_cat-postkarten","9":"first","10":"instock","11":"taxable","12":"shipping-taxable","13":"purchasable","14":"product-type-variable"},"_links":{"self":[{"href":"https:\/\/www.zwiebelblueher.de\/wp\/wp-json\/wp\/v2\/product\/3147","targetHints":{"allow":["GET"]}}],"collection":[{"href":"https:\/\/www.zwiebelblueher.de\/wp\/wp-json\/wp\/v2\/product"}],"about":[{"href":"https:\/\/www.zwiebelblueher.de\/wp\/wp-json\/wp\/v2\/types\/product"}],"replies":[{"embeddable":true,"href":"https:\/\/www.zwiebelblueher.de\/wp\/wp-json\/wp\/v2\/comments?post=3147"}],"wp:featuredmedia":[{"embeddable":true,"href":"https:\/\/www.zwiebelblueher.de\/wp\/wp-json\/wp\/v2\/media\/4654"}],"wp:attachment":[{"href":"https:\/\/www.zwiebelblueher.de\/wp\/wp-json\/wp\/v2\/media?parent=3147"}],"wp:term":[{"taxonomy":"product_brand","embeddable":true,"href":"https:\/\/www.zwiebelblueher.de\/wp\/wp-json\/wp\/v2\/product_brand?post=3147"},{"taxonomy":"product_cat","embeddable":true,"href":"https:\/\/www.zwiebelblueher.de\/wp\/wp-json\/wp\/v2\/product_cat?post=3147"},{"taxonomy":"product_tag","embeddable":true,"href":"https:\/\/www.zwiebelblueher.de\/wp\/wp-json\/wp\/v2\/product_tag?post=3147"}],"curies":[{"name":"wp","href":"https:\/\/api.w.org\/{rel}","templated":true}]}}