{"id":2227,"date":"2018-01-07T10:35:52","date_gmt":"2018-01-07T08:35:52","guid":{"rendered":"http:\/\/www.zwiebelblueher.de\/wp\/?post_type=product&#038;p=2227"},"modified":"2025-01-15T11:34:36","modified_gmt":"2025-01-15T09:34:36","slug":"postkarte-galanthusmarienkaefer","status":"publish","type":"product","link":"https:\/\/www.zwiebelblueher.de\/wp\/produkt\/postkarte-galanthusmarienkaefer\/","title":{"rendered":"Postkarte &#8222;Galanthus\/Marienk\u00e4fer&#8220;"},"content":{"rendered":"<p>Vorfr\u00fchlingsmotiv mit Schneegl\u00f6ckchen und Marienk\u00e4fer.<br \/>\nDie R\u00fcckseite der Karte ist durchg\u00e4ngig beschreibbar.<\/p>\n<p>Hochwertige Postkarte, A6, klimaneutral gedruckt in Deutschland, auf 300 g starkem Chromokarton (FSC-Mix).<br \/>\nDie Vorderseite ist matt veredelt, die R\u00fcckseite gut beschreibbar.<\/p>\n","protected":false},"excerpt":{"rendered":"<p>Postkarte A6, stabiler Chromokarton mit matter Beschichtung, klimaneutral gedruckt auf FSC-Mix<\/p>\n","protected":false},"featured_media":4752,"comment_status":"closed","ping_status":"closed","template":"","meta":[],"product_brand":[],"product_cat":[109,65],"product_tag":[],"class_list":{"0":"post-2227","1":"product","2":"type-product","3":"status-publish","4":"has-post-thumbnail","6":"product_cat-karten","7":"product_cat-postkarten","9":"first","10":"instock","11":"taxable","12":"shipping-taxable","13":"purchasable","14":"product-type-variable"},"_links":{"self":[{"href":"https:\/\/www.zwiebelblueher.de\/wp\/wp-json\/wp\/v2\/product\/2227","targetHints":{"allow":["GET"]}}],"collection":[{"href":"https:\/\/www.zwiebelblueher.de\/wp\/wp-json\/wp\/v2\/product"}],"about":[{"href":"https:\/\/www.zwiebelblueher.de\/wp\/wp-json\/wp\/v2\/types\/product"}],"replies":[{"embeddable":true,"href":"https:\/\/www.zwiebelblueher.de\/wp\/wp-json\/wp\/v2\/comments?post=2227"}],"wp:featuredmedia":[{"embeddable":true,"href":"https:\/\/www.zwiebelblueher.de\/wp\/wp-json\/wp\/v2\/media\/4752"}],"wp:attachment":[{"href":"https:\/\/www.zwiebelblueher.de\/wp\/wp-json\/wp\/v2\/media?parent=2227"}],"wp:term":[{"taxonomy":"product_brand","embeddable":true,"href":"https:\/\/www.zwiebelblueher.de\/wp\/wp-json\/wp\/v2\/product_brand?post=2227"},{"taxonomy":"product_cat","embeddable":true,"href":"https:\/\/www.zwiebelblueher.de\/wp\/wp-json\/wp\/v2\/product_cat?post=2227"},{"taxonomy":"product_tag","embeddable":true,"href":"https:\/\/www.zwiebelblueher.de\/wp\/wp-json\/wp\/v2\/product_tag?post=2227"}],"curies":[{"name":"wp","href":"https:\/\/api.w.org\/{rel}","templated":true}]}}