{"id":1515,"date":"2016-04-03T20:23:00","date_gmt":"2016-04-03T18:23:00","guid":{"rendered":"http:\/\/www.zwiebelblueher.de\/wp\/?product=consolida-regalis-kopie"},"modified":"2026-03-27T11:01:32","modified_gmt":"2026-03-27T09:01:32","slug":"consolida-regalis-kopie","status":"publish","type":"product","link":"https:\/\/www.zwiebelblueher.de\/wp\/produkt\/consolida-regalis-kopie\/","title":{"rendered":"Ackerrittersporn  &#8211; Saat im D\u00f6schen"},"content":{"rendered":"<p><strong>Ackerrittersporn<\/strong><\/p>\n<p>Dieser einj\u00e4hrige Rittersporn lockt langr\u00fcsselige Hummeln an &#8211; und solche, die L\u00f6cher in den Bl\u00fctensporn bei\u00dfen k\u00f6nnen. Wundersch\u00f6n, wie auf dem Bild zu sehen, in Kombination mit Klatschmohn!<\/p>\n<p>Ackerrittersporn ist einj\u00e4hrig &#8211; er sollte sich versamen d\u00fcrfen. Die Keimpflanzen sind vollst\u00e4ndig winterhart.<\/p>\n<p><strong>H\u00f6he:<\/strong> 30 bis 70 cm\u00a0 \u2022\u00a0 <strong>Standort:<\/strong> sonnig, guter Gartenboden. Auf mageren B\u00f6den bleiben die Pflanzen sehr klein. Keine Staun\u00e4sse.\u00a0 \u2022\u00a0 Aussaat im zeitigen Fr\u00fchjahr ins Freiland.<\/p>\n<p>1 Portion im\u00a0Schraubdeckeld\u00f6schen (\u00d8 3,5 cm). Inhalt reicht f\u00fcr ca. 50 Pflanzen.<\/p>\n<p>&nbsp;<\/p>\n","protected":false},"excerpt":{"rendered":"<p>Ackerrittersporn\u00a0<em>Consolida regalis<\/em>\u00a0im Schraubdeckeld\u00f6schen; reicht f\u00fcr etwa 50 Pflanzen. Einj\u00e4hrig, sonniger Standort. Hummelweide.<\/p>\n","protected":false},"featured_media":3807,"comment_status":"closed","ping_status":"closed","template":"","meta":[],"product_brand":[],"product_cat":[162,88],"product_tag":[],"class_list":{"0":"post-1515","1":"product","2":"type-product","3":"status-publish","4":"has-post-thumbnail","6":"product_cat-fuer-den-adventskalender","7":"product_cat-saemereien","9":"first","10":"instock","11":"taxable","12":"shipping-taxable","13":"purchasable","14":"product-type-simple"},"_links":{"self":[{"href":"https:\/\/www.zwiebelblueher.de\/wp\/wp-json\/wp\/v2\/product\/1515","targetHints":{"allow":["GET"]}}],"collection":[{"href":"https:\/\/www.zwiebelblueher.de\/wp\/wp-json\/wp\/v2\/product"}],"about":[{"href":"https:\/\/www.zwiebelblueher.de\/wp\/wp-json\/wp\/v2\/types\/product"}],"replies":[{"embeddable":true,"href":"https:\/\/www.zwiebelblueher.de\/wp\/wp-json\/wp\/v2\/comments?post=1515"}],"wp:featuredmedia":[{"embeddable":true,"href":"https:\/\/www.zwiebelblueher.de\/wp\/wp-json\/wp\/v2\/media\/3807"}],"wp:attachment":[{"href":"https:\/\/www.zwiebelblueher.de\/wp\/wp-json\/wp\/v2\/media?parent=1515"}],"wp:term":[{"taxonomy":"product_brand","embeddable":true,"href":"https:\/\/www.zwiebelblueher.de\/wp\/wp-json\/wp\/v2\/product_brand?post=1515"},{"taxonomy":"product_cat","embeddable":true,"href":"https:\/\/www.zwiebelblueher.de\/wp\/wp-json\/wp\/v2\/product_cat?post=1515"},{"taxonomy":"product_tag","embeddable":true,"href":"https:\/\/www.zwiebelblueher.de\/wp\/wp-json\/wp\/v2\/product_tag?post=1515"}],"curies":[{"name":"wp","href":"https:\/\/api.w.org\/{rel}","templated":true}]}}