{"id":11268,"date":"2026-01-27T11:47:14","date_gmt":"2026-01-27T09:47:14","guid":{"rendered":"https:\/\/www.zwiebelblueher.de\/wp\/?post_type=product&#038;p=11268"},"modified":"2026-02-03T11:52:29","modified_gmt":"2026-02-03T09:52:29","slug":"klappkarte-tulpen-vergissmeinnicht","status":"publish","type":"product","link":"https:\/\/www.zwiebelblueher.de\/wp\/produkt\/klappkarte-tulpen-vergissmeinnicht\/","title":{"rendered":"Klappkarte &#8222;Tulpen &#038; Vergissmeinnicht&#8220;"},"content":{"rendered":"<p>Hochwertige Klappkarte mit romantischem Fr\u00fchlingsbl\u00fcher-Motiv: pinke Tulpen und zartblaue Vergissmeinnicht. Das Motiv l\u00e4uft um, die R\u00fcckseite ist also auch bedruckt.<br \/>\nMit kleinem Schmuckbild auf der Innenseite.<\/p>\n<p>Format: DIN A6. In Deutschland gedruckt auf 280g starkem Chromokarton. Die Au\u00dfenseite ist veredelt, die Innenseite gut beschreibbar.<br \/>\nMit cremefarbenem Umschlag (FSC-Mix), in Cellophanh\u00fclle.<\/p>\n<p>Das Zehnerpaket enth\u00e4lt 10 Karten und 10 Umschl\u00e4ge; die Karten sind nicht einzeln cellophaniert und werden in einer Papiert\u00fcte geliefert.<\/p>\n<p>&nbsp;<\/p>\n","protected":false},"excerpt":{"rendered":"<p>Klappkarte A6, in Deutschland gedruckt, mit cremewei\u00dfem Umschlag (FSC-Mix)<\/p>\n","protected":false},"featured_media":11252,"comment_status":"closed","ping_status":"closed","template":"","meta":[],"product_brand":[],"product_cat":[109,55,165],"product_tag":[],"class_list":{"0":"post-11268","1":"product","2":"type-product","3":"status-publish","4":"has-post-thumbnail","6":"product_cat-karten","7":"product_cat-klappkarten","8":"product_cat-neu","10":"first","11":"instock","12":"taxable","13":"shipping-taxable","14":"purchasable","15":"product-type-variable"},"_links":{"self":[{"href":"https:\/\/www.zwiebelblueher.de\/wp\/wp-json\/wp\/v2\/product\/11268","targetHints":{"allow":["GET"]}}],"collection":[{"href":"https:\/\/www.zwiebelblueher.de\/wp\/wp-json\/wp\/v2\/product"}],"about":[{"href":"https:\/\/www.zwiebelblueher.de\/wp\/wp-json\/wp\/v2\/types\/product"}],"replies":[{"embeddable":true,"href":"https:\/\/www.zwiebelblueher.de\/wp\/wp-json\/wp\/v2\/comments?post=11268"}],"wp:featuredmedia":[{"embeddable":true,"href":"https:\/\/www.zwiebelblueher.de\/wp\/wp-json\/wp\/v2\/media\/11252"}],"wp:attachment":[{"href":"https:\/\/www.zwiebelblueher.de\/wp\/wp-json\/wp\/v2\/media?parent=11268"}],"wp:term":[{"taxonomy":"product_brand","embeddable":true,"href":"https:\/\/www.zwiebelblueher.de\/wp\/wp-json\/wp\/v2\/product_brand?post=11268"},{"taxonomy":"product_cat","embeddable":true,"href":"https:\/\/www.zwiebelblueher.de\/wp\/wp-json\/wp\/v2\/product_cat?post=11268"},{"taxonomy":"product_tag","embeddable":true,"href":"https:\/\/www.zwiebelblueher.de\/wp\/wp-json\/wp\/v2\/product_tag?post=11268"}],"curies":[{"name":"wp","href":"https:\/\/api.w.org\/{rel}","templated":true}]}}