{"id":11216,"date":"2026-01-20T12:23:48","date_gmt":"2026-01-20T10:23:48","guid":{"rendered":"https:\/\/www.zwiebelblueher.de\/wp\/?post_type=product&#038;p=11216"},"modified":"2026-04-18T19:04:37","modified_gmt":"2026-04-18T17:04:37","slug":"miniblock-a7-glockenblume","status":"publish","type":"product","link":"https:\/\/www.zwiebelblueher.de\/wp\/produkt\/miniblock-a7-glockenblume\/","title":{"rendered":"Miniblock A7 &#8222;Glockenblume&#8220;"},"content":{"rendered":"<p>Dieses s\u00fc\u00dfe Bl\u00f6ckchen mit niedlichem Glockenblumen-Motiv eignet sich f\u00fcr einen kurzen Gru\u00df oder eine kleine Notiz. Format: DIN A7 (74 x 105 mm). 50 Blatt, gut beschreibbar, blanko.<\/p>\n<p>Mit R\u00fcckwand aus Graupappe. Gedruckt auf 100% Recyclingpapier mit dem Umweltsiegel &#8222;Blauer Engel&#8220;.<\/p>\n<p>&nbsp;<\/p>\n","protected":false},"excerpt":{"rendered":"<p>Notizblock, DIN A7 quer, 50 Blatt, Motiv &#8222;Glockenblume&#8220;, Recyclingpapier<\/p>\n","protected":false},"featured_media":11210,"comment_status":"closed","ping_status":"closed","template":"","meta":[],"product_brand":[],"product_cat":[162,165],"product_tag":[],"class_list":{"0":"post-11216","1":"product","2":"type-product","3":"status-publish","4":"has-post-thumbnail","6":"product_cat-fuer-den-adventskalender","7":"product_cat-neu","9":"first","10":"instock","11":"taxable","12":"shipping-taxable","13":"purchasable","14":"product-type-simple"},"_links":{"self":[{"href":"https:\/\/www.zwiebelblueher.de\/wp\/wp-json\/wp\/v2\/product\/11216","targetHints":{"allow":["GET"]}}],"collection":[{"href":"https:\/\/www.zwiebelblueher.de\/wp\/wp-json\/wp\/v2\/product"}],"about":[{"href":"https:\/\/www.zwiebelblueher.de\/wp\/wp-json\/wp\/v2\/types\/product"}],"replies":[{"embeddable":true,"href":"https:\/\/www.zwiebelblueher.de\/wp\/wp-json\/wp\/v2\/comments?post=11216"}],"wp:featuredmedia":[{"embeddable":true,"href":"https:\/\/www.zwiebelblueher.de\/wp\/wp-json\/wp\/v2\/media\/11210"}],"wp:attachment":[{"href":"https:\/\/www.zwiebelblueher.de\/wp\/wp-json\/wp\/v2\/media?parent=11216"}],"wp:term":[{"taxonomy":"product_brand","embeddable":true,"href":"https:\/\/www.zwiebelblueher.de\/wp\/wp-json\/wp\/v2\/product_brand?post=11216"},{"taxonomy":"product_cat","embeddable":true,"href":"https:\/\/www.zwiebelblueher.de\/wp\/wp-json\/wp\/v2\/product_cat?post=11216"},{"taxonomy":"product_tag","embeddable":true,"href":"https:\/\/www.zwiebelblueher.de\/wp\/wp-json\/wp\/v2\/product_tag?post=11216"}],"curies":[{"name":"wp","href":"https:\/\/api.w.org\/{rel}","templated":true}]}}