{"id":10934,"date":"2025-11-08T10:18:13","date_gmt":"2025-11-08T08:18:13","guid":{"rendered":"https:\/\/www.zwiebelblueher.de\/wp\/?post_type=product&#038;p=10934"},"modified":"2026-03-11T17:16:40","modified_gmt":"2026-03-11T15:16:40","slug":"sternenwerkstatt-3-stern-aus-fuenfeck","status":"publish","type":"product","link":"https:\/\/www.zwiebelblueher.de\/wp\/produkt\/sternenwerkstatt-3-stern-aus-fuenfeck\/","title":{"rendered":"Sternenwerkstatt 3 &#8211; Stern aus F\u00fcnfeck"},"content":{"rendered":"<p>Mit diesem Bastelset gelingen f\u00fcnfzackige Origamisterne ganz sicher! Diese sch\u00f6nen Sterne sind schnell gefaltet und eignen sich ganz wunderbar zum Dekorieren von Geschenken oder zum Auff\u00e4deln zu fr\u00f6hlichen Sternenketten. Ausgangspunkt f\u00fcr die Sterne ist ein F\u00fcnfeck; eine Schablonenvorlage ist im Set enthalten. Ein sch\u00f6nes Geschenk oder Mitbringsel f\u00fcr die Adventszeit.<\/p>\n<p>Das Set enth\u00e4lt:<\/p>\n<p>20 Bogen hochwertiges Naturpapier (FSC), 90 Gramm schwer, in vier Mustern, 14,8 mal 14,8 Zentimeter,<br \/>\neine bebilderte Anleitung zum Basteln der f\u00fcnfzackigen Sterne<br \/>\nsowie ein F\u00fcnfeck als Vorlage zum Ausschneiden oder Durchpausen auf 400 Gramm schwerem Karton.<\/p>\n<p>&nbsp;<\/p>\n<p>&nbsp;<\/p>\n","protected":false},"excerpt":{"rendered":"<p>Sternenwerkstatt 3 f\u00fcr f\u00fcnfzackige Sterne. 20 B\u00f6gen Papier, eine Anleitung und eine Schablonenvorlage.<\/p>\n","protected":false},"featured_media":10928,"comment_status":"closed","ping_status":"closed","template":"","meta":[],"product_brand":[],"product_cat":[162,159,126],"product_tag":[],"class_list":{"0":"post-10934","1":"product","2":"type-product","3":"status-publish","4":"has-post-thumbnail","6":"product_cat-fuer-den-adventskalender","7":"product_cat-weihnachten","8":"product_cat-zum-selbermachen","10":"first","11":"instock","12":"taxable","13":"shipping-taxable","14":"purchasable","15":"product-type-simple"},"_links":{"self":[{"href":"https:\/\/www.zwiebelblueher.de\/wp\/wp-json\/wp\/v2\/product\/10934","targetHints":{"allow":["GET"]}}],"collection":[{"href":"https:\/\/www.zwiebelblueher.de\/wp\/wp-json\/wp\/v2\/product"}],"about":[{"href":"https:\/\/www.zwiebelblueher.de\/wp\/wp-json\/wp\/v2\/types\/product"}],"replies":[{"embeddable":true,"href":"https:\/\/www.zwiebelblueher.de\/wp\/wp-json\/wp\/v2\/comments?post=10934"}],"wp:featuredmedia":[{"embeddable":true,"href":"https:\/\/www.zwiebelblueher.de\/wp\/wp-json\/wp\/v2\/media\/10928"}],"wp:attachment":[{"href":"https:\/\/www.zwiebelblueher.de\/wp\/wp-json\/wp\/v2\/media?parent=10934"}],"wp:term":[{"taxonomy":"product_brand","embeddable":true,"href":"https:\/\/www.zwiebelblueher.de\/wp\/wp-json\/wp\/v2\/product_brand?post=10934"},{"taxonomy":"product_cat","embeddable":true,"href":"https:\/\/www.zwiebelblueher.de\/wp\/wp-json\/wp\/v2\/product_cat?post=10934"},{"taxonomy":"product_tag","embeddable":true,"href":"https:\/\/www.zwiebelblueher.de\/wp\/wp-json\/wp\/v2\/product_tag?post=10934"}],"curies":[{"name":"wp","href":"https:\/\/api.w.org\/{rel}","templated":true}]}}