{"id":9019,"date":"2024-03-18T10:20:33","date_gmt":"2024-03-18T08:20:33","guid":{"rendered":"https:\/\/www.zwiebelblueher.de\/wp\/?page_id=9019"},"modified":"2024-03-23T18:51:03","modified_gmt":"2024-03-23T16:51:03","slug":"succisa-pratensis-teufelsabbiss","status":"publish","type":"page","link":"https:\/\/www.zwiebelblueher.de\/wp\/succisa-pratensis-teufelsabbiss\/","title":{"rendered":"Succisa pratensis &#8211; Teufelsabbiss"},"content":{"rendered":"\n<div class=\"wp-block-group\"><div class=\"wp-block-group__inner-container is-layout-constrained wp-block-group-is-layout-constrained\">\n<div class=\"wp-block-columns tw-mt-6 is-layout-flex wp-container-core-columns-is-layout-abceabcf wp-block-columns-is-layout-flex\">\n<div class=\"wp-block-column is-layout-flow wp-block-column-is-layout-flow\"><style>.kb-image9019_bebd25-86 .kb-image-has-overlay:after{opacity:0.3;}<\/style>\n<figure class=\"wp-block-kadence-image kb-image9019_bebd25-86 size-full\"><img loading=\"lazy\" decoding=\"async\" width=\"600\" height=\"900\" src=\"https:\/\/www.zwiebelblueher.de\/wp\/wp-content\/uploads\/2019\/10\/Succisa-Feuerfalter.jpg\" alt=\"Succisa pratensis mit Feuerfalter\" class=\"kb-img wp-image-2945\" srcset=\"https:\/\/www.zwiebelblueher.de\/wp\/wp-content\/uploads\/2019\/10\/Succisa-Feuerfalter.jpg 600w, https:\/\/www.zwiebelblueher.de\/wp\/wp-content\/uploads\/2019\/10\/Succisa-Feuerfalter-350x525.jpg 350w, https:\/\/www.zwiebelblueher.de\/wp\/wp-content\/uploads\/2019\/10\/Succisa-Feuerfalter-200x300.jpg 200w, https:\/\/www.zwiebelblueher.de\/wp\/wp-content\/uploads\/2019\/10\/Succisa-Feuerfalter-400x600.jpg 400w\" sizes=\"auto, (max-width: 600px) 100vw, 600px\" \/><figcaption><em>Succisa pratensis<\/em> mit Feuerfalter<\/figcaption><\/figure>\n<\/div>\n\n\n\n<div class=\"wp-block-column is-layout-flow wp-block-column-is-layout-flow\"><style>.kb-image9019_35fa21-1a .kb-image-has-overlay:after{opacity:0.3;}<\/style>\n<figure class=\"wp-block-kadence-image kb-image9019_35fa21-1a size-full\"><img loading=\"lazy\" decoding=\"async\" width=\"600\" height=\"901\" src=\"https:\/\/www.zwiebelblueher.de\/wp\/wp-content\/uploads\/2019\/10\/Succisa.jpg\" alt=\"Succisa pratensis\" class=\"kb-img wp-image-2944\" srcset=\"https:\/\/www.zwiebelblueher.de\/wp\/wp-content\/uploads\/2019\/10\/Succisa.jpg 600w, https:\/\/www.zwiebelblueher.de\/wp\/wp-content\/uploads\/2019\/10\/Succisa-350x526.jpg 350w, https:\/\/www.zwiebelblueher.de\/wp\/wp-content\/uploads\/2019\/10\/Succisa-200x300.jpg 200w, https:\/\/www.zwiebelblueher.de\/wp\/wp-content\/uploads\/2019\/10\/Succisa-400x601.jpg 400w\" sizes=\"auto, (max-width: 600px) 100vw, 600px\" \/><figcaption>Kleine F\u00fcchse an <em>Succisa pratensis<\/em><\/figcaption><\/figure>\n<\/div>\n\n\n\n<div class=\"wp-block-column is-layout-flow wp-block-column-is-layout-flow\"><style>.kb-image9019_1c3803-1e .kb-image-has-overlay:after{opacity:0.3;}<\/style>\n<figure class=\"wp-block-kadence-image kb-image9019_1c3803-1e size-full\"><img loading=\"lazy\" decoding=\"async\" width=\"600\" height=\"900\" src=\"https:\/\/www.zwiebelblueher.de\/wp\/wp-content\/uploads\/2019\/10\/Succisa-pratensis-mit-Scaeva-pyrastri-600x900.jpg\" alt=\"Succisa pratensis mit Scaeva pyrastri\" class=\"kb-img wp-image-3044\" srcset=\"https:\/\/www.zwiebelblueher.de\/wp\/wp-content\/uploads\/2019\/10\/Succisa-pratensis-mit-Scaeva-pyrastri-600x900.jpg 600w, https:\/\/www.zwiebelblueher.de\/wp\/wp-content\/uploads\/2019\/10\/Succisa-pratensis-mit-Scaeva-pyrastri-600x900-350x525.jpg 350w, https:\/\/www.zwiebelblueher.de\/wp\/wp-content\/uploads\/2019\/10\/Succisa-pratensis-mit-Scaeva-pyrastri-600x900-200x300.jpg 200w, https:\/\/www.zwiebelblueher.de\/wp\/wp-content\/uploads\/2019\/10\/Succisa-pratensis-mit-Scaeva-pyrastri-600x900-400x600.jpg 400w\" sizes=\"auto, (max-width: 600px) 100vw, 600px\" \/><figcaption><em>Succisa pratensis<\/em> mit <em>Scaeva pyrastri<\/em> <\/figcaption><\/figure>\n<\/div>\n<\/div>\n\n\n\n<div class=\"wp-block-columns tw-mb-8 tw-mt-8 is-layout-flex wp-container-core-columns-is-layout-abceabcf wp-block-columns-is-layout-flex\">\n<div class=\"wp-block-column is-layout-flow wp-block-column-is-layout-flow\" style=\"--col-width:33.33%;flex-basis:33.33%\"><style>.kb-image9019_7d4e27-dd .kb-image-has-overlay:after{opacity:0.3;}<\/style>\n<figure class=\"wp-block-kadence-image kb-image9019_7d4e27-dd size-full\"><img loading=\"lazy\" decoding=\"async\" width=\"600\" height=\"900\" src=\"https:\/\/www.zwiebelblueher.de\/wp\/wp-content\/uploads\/2024\/03\/Succisa-mit-Volucella-zonaria-2.jpg\" alt=\"Hornissenschwebfliege an Teufelsabbiss\" class=\"kb-img wp-image-9064\" srcset=\"https:\/\/www.zwiebelblueher.de\/wp\/wp-content\/uploads\/2024\/03\/Succisa-mit-Volucella-zonaria-2.jpg 600w, https:\/\/www.zwiebelblueher.de\/wp\/wp-content\/uploads\/2024\/03\/Succisa-mit-Volucella-zonaria-2-200x300.jpg 200w, https:\/\/www.zwiebelblueher.de\/wp\/wp-content\/uploads\/2024\/03\/Succisa-mit-Volucella-zonaria-2-350x525.jpg 350w\" sizes=\"auto, (max-width: 600px) 100vw, 600px\" \/><figcaption>Hornissenschwebfliege an Teufelsabbiss<\/figcaption><\/figure>\n<\/div>\n\n\n\n<div class=\"wp-block-column is-layout-flow wp-block-column-is-layout-flow\" style=\"--col-width:66.66%;flex-basis:66.66%\">\n<h3 class=\"nm-block-heading wp-block-heading has-text-color has-link-color wp-elements-55fc7d7f2c9f398c87087997a5e845a4\" style=\"color:#000000c4\"><em>Succisa pratensis<\/em> &#8211; Teufelsabbiss<\/h3>\n\n\n\n<p class=\"has-text-color has-link-color wp-elements-15edcf7afbaa0dd68e2c20f7d960ab28\" style=\"color:#000000d1\"><em>Succisa pratensis<\/em> w\u00e4chst im Garten zuverl\u00e4ssig zu dicken Stauden heran, ist allerdings im gut ged\u00fcngten Prachtstaudenbeet nicht konkurrenzstark. Die Staude bevorzugt schwach n\u00e4hrstoffversorgte Standorte in Sonne oder lichtem Schatten und erfreut Falter, Bienen, Hummeln und viele andere Zweifl\u00fcgler mit vielbl\u00fctigen K\u00f6pfchen von Juli bis in den September hinein. Teufelsabbiss l\u00e4sst sich hervorragend in gr\u00f6\u00dferen T\u00f6pfen kultivieren, die man sich dann zur Bl\u00fctezeit zur n\u00e4heren Betrachtung der Besucher auf die Terrasse stellen kann.&nbsp;<\/p>\n\n\n\n<p class=\"has-text-color has-link-color wp-elements-3fd69018d0fc9909be699ac7aa48d904\" style=\"color:#000000d1\">Der Teufelsabbiss bildet eine grundst\u00e4ndige Rosette, aus deren Zentrum mehrere Infloreszenztriebe gebildet werden. Die K\u00f6pfchen erreichen dadurch eine H\u00f6he von 60-120cm. Diese filigrane Staude erfordert keine Pflegema\u00dfnamen.<\/p>\n\n\n\n<p class=\"has-text-color has-link-color wp-elements-990ce7a009f89220462c6081592ee94d\" style=\"color:#000000d1\">L\u00e4sst man die Fruchtst\u00e4nde stehen, fallen schon bald nach der Bl\u00fcte die Fr\u00fcchte aus und sorgen auf offenen Fl\u00e4chen auch f\u00fcr Nachwuchs. Anzucht im Topf erfordert etwas Geduld, da die Keimung oftmals unregelm\u00e4\u00dfig und erst nach einigen Wochen erfolgt.<\/p>\n\n\n\n<p class=\"has-text-color has-link-color wp-elements-ffcc6bba1965ed256f47007758b8c5ce\" style=\"color:#000000d1\">In vielen Teilen Deutschlands ist der Teufelabbiss auch aufgrund des R\u00fcckganges seines nat\u00fcrlichen Habitates in offenen Feuchtwiesen, Mooren und Heiden selten geworden, worauf Loki Schmidt hinweisen wollte und ihn zur Staude des Jahres 2015 machte (<a href=\"https:\/\/www.loki-schmidt-stiftung.de\/downloads\/blumen_des_jahres_pdfs\/Blume_des_Jahres_2015.pdf\">https:\/\/www.loki-schmidt-stiftung.de\/downloads\/blumen_des_jahres_pdfs\/Blume_des_Jahres_2015.pdf<\/a>).<\/p>\n\n\n\n<p class=\"has-text-color has-link-color wp-elements-f0510aedb04a39d9f14edab706864cc3\" style=\"color:#000000d1\">Ganz speziell der Goldene Scheckenfalter <em>Euphydryas aurinia<\/em> braucht den heimischen Teufalsabbiss in mageren Feuchtgebieten f\u00fcr die Ern\u00e4hrung seiner Raupen.<\/p>\n\n\n<style>.wp-block-kadence-advancedbtn.kb-btns9019_7b15de-e6{gap:var(--global-kb-gap-xs, 0.5rem );justify-content:flex-start;align-items:center;}.kt-btns9019_7b15de-e6 .kt-button{font-weight:normal;font-style:normal;}.kt-btns9019_7b15de-e6 .kt-btn-wrap-0{margin-right:5px;}.wp-block-kadence-advancedbtn.kt-btns9019_7b15de-e6 .kt-btn-wrap-0 .kt-button{color:#555555;border-color:#555555;}.wp-block-kadence-advancedbtn.kt-btns9019_7b15de-e6 .kt-btn-wrap-0 .kt-button:hover, .wp-block-kadence-advancedbtn.kt-btns9019_7b15de-e6 .kt-btn-wrap-0 .kt-button:focus{color:#ffffff;border-color:#444444;}.wp-block-kadence-advancedbtn.kt-btns9019_7b15de-e6 .kt-btn-wrap-0 .kt-button::before{display:none;}.wp-block-kadence-advancedbtn.kt-btns9019_7b15de-e6 .kt-btn-wrap-0 .kt-button:hover, .wp-block-kadence-advancedbtn.kt-btns9019_7b15de-e6 .kt-btn-wrap-0 .kt-button:focus{background:#444444;}<\/style>\n<div class=\"wp-block-kadence-advancedbtn kb-buttons-wrap kb-btns9019_7b15de-e6\"><style>ul.menu .wp-block-kadence-advancedbtn .kb-btn9019_4368c0-5a.kb-button{width:initial;}.wp-block-kadence-advancedbtn .kb-btn9019_4368c0-5a.kb-button{color:#000000;background:#b8c298;}<\/style><a class=\"kb-button kt-button button kb-btn9019_4368c0-5a kt-btn-size-standard kt-btn-width-type-auto kb-btn-global-fill  kt-btn-has-text-true kt-btn-has-svg-false  wp-block-kadence-singlebtn\" href=\"https:\/\/www.zwiebelblueher.de\/wp\/blog\/\"><span class=\"kt-btn-inner-text\"> > Zur\u00fcck zur \u00dcbersicht<\/span><\/a><\/div>\n<\/div>\n<\/div>\n<\/div><\/div>\n","protected":false},"excerpt":{"rendered":"<p>Succisa pratensis &#8211; Teufelsabbiss Succisa pratensis w\u00e4chst im Garten zuverl\u00e4ssig zu dicken Stauden heran, ist allerdings im gut ged\u00fcngten Prachtstaudenbeet nicht konkurrenzstark. Die Staude bevorzugt schwach n\u00e4hrstoffversorgte Standorte in Sonne oder lichtem Schatten und erfreut Falter, Bienen, Hummeln und viele andere Zweifl\u00fcgler mit vielbl\u00fctigen K\u00f6pfchen von Juli bis in den September hinein. Teufelsabbiss l\u00e4sst sich &hellip;<\/p>\n","protected":false},"author":1,"featured_media":0,"parent":0,"menu_order":0,"comment_status":"closed","ping_status":"closed","template":"","meta":{"footnotes":""},"class_list":["post-9019","page","type-page","status-publish","hentry"],"_links":{"self":[{"href":"https:\/\/www.zwiebelblueher.de\/wp\/wp-json\/wp\/v2\/pages\/9019","targetHints":{"allow":["GET"]}}],"collection":[{"href":"https:\/\/www.zwiebelblueher.de\/wp\/wp-json\/wp\/v2\/pages"}],"about":[{"href":"https:\/\/www.zwiebelblueher.de\/wp\/wp-json\/wp\/v2\/types\/page"}],"author":[{"embeddable":true,"href":"https:\/\/www.zwiebelblueher.de\/wp\/wp-json\/wp\/v2\/users\/1"}],"replies":[{"embeddable":true,"href":"https:\/\/www.zwiebelblueher.de\/wp\/wp-json\/wp\/v2\/comments?post=9019"}],"version-history":[{"count":8,"href":"https:\/\/www.zwiebelblueher.de\/wp\/wp-json\/wp\/v2\/pages\/9019\/revisions"}],"predecessor-version":[{"id":9067,"href":"https:\/\/www.zwiebelblueher.de\/wp\/wp-json\/wp\/v2\/pages\/9019\/revisions\/9067"}],"wp:attachment":[{"href":"https:\/\/www.zwiebelblueher.de\/wp\/wp-json\/wp\/v2\/media?parent=9019"}],"curies":[{"name":"wp","href":"https:\/\/api.w.org\/{rel}","templated":true}]}}