{"id":8949,"date":"2024-03-17T10:29:55","date_gmt":"2024-03-17T08:29:55","guid":{"rendered":"https:\/\/www.zwiebelblueher.de\/wp\/?page_id=8949"},"modified":"2024-03-23T18:53:35","modified_gmt":"2024-03-23T16:53:35","slug":"linaria-leinkraut","status":"publish","type":"page","link":"https:\/\/www.zwiebelblueher.de\/wp\/linaria-leinkraut\/","title":{"rendered":"Linaria &#8211; Leinkraut"},"content":{"rendered":"\n<div class=\"wp-block-columns tw-mt-6 is-layout-flex wp-container-core-columns-is-layout-abceabcf wp-block-columns-is-layout-flex\">\n<div class=\"wp-block-column is-layout-flow wp-block-column-is-layout-flow\"><style>.kb-image8949_abaa6a-98 .kb-image-has-overlay:after{opacity:0.3;}<\/style>\n<figure class=\"wp-block-kadence-image kb-image8949_abaa6a-98 size-full\"><img loading=\"lazy\" decoding=\"async\" width=\"600\" height=\"900\" src=\"https:\/\/www.zwiebelblueher.de\/wp\/wp-content\/uploads\/2024\/03\/Bombus-pascuorum-an-Linaria-purpurea-600x900-1.jpg\" alt=\"Bombus pascuorum an Linaria purpurea 22-2\" class=\"kb-img wp-image-8951\" srcset=\"https:\/\/www.zwiebelblueher.de\/wp\/wp-content\/uploads\/2024\/03\/Bombus-pascuorum-an-Linaria-purpurea-600x900-1.jpg 600w, https:\/\/www.zwiebelblueher.de\/wp\/wp-content\/uploads\/2024\/03\/Bombus-pascuorum-an-Linaria-purpurea-600x900-1-200x300.jpg 200w, https:\/\/www.zwiebelblueher.de\/wp\/wp-content\/uploads\/2024\/03\/Bombus-pascuorum-an-Linaria-purpurea-600x900-1-350x525.jpg 350w\" sizes=\"auto, (max-width: 600px) 100vw, 600px\" \/><figcaption><em>Bombus pascuorum<\/em> an <em>Linaria purpurea<\/em> <\/figcaption><\/figure>\n<\/div>\n\n\n\n<div class=\"wp-block-column is-layout-flow wp-block-column-is-layout-flow\"><style>.kb-image8949_0ece71-c5 .kb-image-has-overlay:after{opacity:0.3;}<\/style>\n<figure class=\"wp-block-kadence-image kb-image8949_0ece71-c5 size-full\"><img loading=\"lazy\" decoding=\"async\" width=\"600\" height=\"900\" src=\"https:\/\/www.zwiebelblueher.de\/wp\/wp-content\/uploads\/2024\/03\/Polyommatus-icarus-auf-Linaria-maroccana-600x900-1.jpeg\" alt=\"Polyommatus icarus auf Linaria maroccana 21-1\" class=\"kb-img wp-image-8956\" srcset=\"https:\/\/www.zwiebelblueher.de\/wp\/wp-content\/uploads\/2024\/03\/Polyommatus-icarus-auf-Linaria-maroccana-600x900-1.jpeg 600w, https:\/\/www.zwiebelblueher.de\/wp\/wp-content\/uploads\/2024\/03\/Polyommatus-icarus-auf-Linaria-maroccana-600x900-1-200x300.jpeg 200w, https:\/\/www.zwiebelblueher.de\/wp\/wp-content\/uploads\/2024\/03\/Polyommatus-icarus-auf-Linaria-maroccana-600x900-1-350x525.jpeg 350w\" sizes=\"auto, (max-width: 600px) 100vw, 600px\" \/><figcaption><em>Polyommatus icarus<\/em> auf <em>Linaria maroccana<\/em> <\/figcaption><\/figure>\n<\/div>\n\n\n\n<div class=\"wp-block-column is-layout-flow wp-block-column-is-layout-flow\"><style>.kb-image8949_1ab309-52 .kb-image-has-overlay:after{opacity:0.3;}<\/style>\n<figure class=\"wp-block-kadence-image kb-image8949_1ab309-52 size-full\"><img loading=\"lazy\" decoding=\"async\" width=\"600\" height=\"900\" src=\"https:\/\/www.zwiebelblueher.de\/wp\/wp-content\/uploads\/2024\/03\/Anthidium-manicatum-Weibchen-an-Linaria-maroccana-600x900-1.jpg\" alt=\"Anthidium manicatum an Linaria maroccana\" class=\"kb-img wp-image-8950\" srcset=\"https:\/\/www.zwiebelblueher.de\/wp\/wp-content\/uploads\/2024\/03\/Anthidium-manicatum-Weibchen-an-Linaria-maroccana-600x900-1.jpg 600w, https:\/\/www.zwiebelblueher.de\/wp\/wp-content\/uploads\/2024\/03\/Anthidium-manicatum-Weibchen-an-Linaria-maroccana-600x900-1-200x300.jpg 200w, https:\/\/www.zwiebelblueher.de\/wp\/wp-content\/uploads\/2024\/03\/Anthidium-manicatum-Weibchen-an-Linaria-maroccana-600x900-1-350x525.jpg 350w\" sizes=\"auto, (max-width: 600px) 100vw, 600px\" \/><figcaption><em>Anthidium manicatum<\/em> an Linaria <em>maroccana<\/em><\/figcaption><\/figure>\n<\/div>\n<\/div>\n\n\n\n<div class=\"wp-block-columns tw-mb-8 tw-mt-8 is-layout-flex wp-container-core-columns-is-layout-abceabcf wp-block-columns-is-layout-flex\">\n<div class=\"wp-block-column is-layout-flow wp-block-column-is-layout-flow\" style=\"--col-width:33.33%;flex-basis:33.33%\"><style>.kb-image8949_ca7d6d-5f .kb-image-has-overlay:after{opacity:0.3;}<\/style>\n<figure class=\"wp-block-kadence-image kb-image8949_ca7d6d-5f size-full\"><img loading=\"lazy\" decoding=\"async\" width=\"600\" height=\"900\" src=\"https:\/\/www.zwiebelblueher.de\/wp\/wp-content\/uploads\/2024\/03\/Linaria-vulgaris-600x900-1.jpg\" alt=\"Linaria vulgaris\" class=\"kb-img wp-image-9069\" srcset=\"https:\/\/www.zwiebelblueher.de\/wp\/wp-content\/uploads\/2024\/03\/Linaria-vulgaris-600x900-1.jpg 600w, https:\/\/www.zwiebelblueher.de\/wp\/wp-content\/uploads\/2024\/03\/Linaria-vulgaris-600x900-1-200x300.jpg 200w, https:\/\/www.zwiebelblueher.de\/wp\/wp-content\/uploads\/2024\/03\/Linaria-vulgaris-600x900-1-350x525.jpg 350w\" sizes=\"auto, (max-width: 600px) 100vw, 600px\" \/><figcaption><em>Linaria vulgaris<\/em><\/figcaption><\/figure>\n<\/div>\n\n\n\n<div class=\"wp-block-column is-layout-flow wp-block-column-is-layout-flow\" style=\"--col-width:66.66%;flex-basis:66.66%\">\n<h3 class=\"nm-block-heading wp-block-heading has-text-color has-link-color wp-elements-b0003784fed0702bc1974417862c20e0\" style=\"color:#000000c4\"><em>Linaria purpurea<\/em> &#8211; Purpur-Leinkraut<\/h3>\n\n\n\n<p><\/p>\n\n\n\n<p class=\"has-text-color has-link-color wp-elements-41ba77536e6e7b3cc6d85c125035b397\" style=\"color:#000000d4\">Das aus dem Mittelmeergebiet stammende Purpur-Leinkraut z\u00e4hlt zu den kurzlebigen Stauden. Gut n\u00e4hrstoffversorgte Pflanzen bilden im zweiten Jahr mehrere bis zu 80cm hohe dicht blaugr\u00fcn belaubte Triebe mit vielbl\u00fctigen endst\u00e4ndigen Infloreszenzen, wobei man schon genau hinschauen muss, um die gespornten Einzelbl\u00fcten erkennen zu k\u00f6nnen. Besonders h\u00e4ufig besuchen eher kleine Hummeln die Bl\u00fcten, wobei sie oftmals viele Einzelbl\u00fcten einer Infloreszenz in Folge besuchen und dabei von unten beginnen. Geht es den Pflanzen gut, entwickeln sich zus\u00e4tzlich kleinere Infloreszenzen in den Achseln der obersten Bl\u00e4tter, so dass man den Eindruck gewinnt, die Nektarquelle w\u00fcrde nie versiegen.<\/p>\n\n\n\n<p class=\"has-text-color has-link-color wp-elements-6a7495c623aef95c963121781b7ca376\" style=\"color:#000000d4\">Als letzte im Hummeljahr sind manchmal noch im Oktober Ackerhummeln an den letzten bl\u00fchenden Leinkr\u00e4utern zu beobachten, die die winzigen Nektarportionen aus den Spornen saugen und dabei die Leinkrautbl\u00fcten best\u00e4uben.&nbsp;<\/p>\n\n\n\n<p class=\"has-text-color has-link-color wp-elements-a0e0ce681a1d7d371b2979d0602dcff9\" style=\"color:#000000d4\">Das feine Saatgut reift rasch und f\u00e4llt aus. S\u00e4mlinge entstehen reichlich, lassen sich bei Bedarf aber leicht j\u00e4ten, beim Umpflanzen ist etwas Sorgfalt geboten. Auch S\u00e4mlinge sind sehr gut winterhart.<\/p>\n\n\n\n<p class=\"has-text-color has-link-color wp-elements-daeb744f9797423f6e32f6fe9b2a8136\" style=\"color:#000000d4\">Auf n\u00e4hrstoffarmen B\u00f6den entstehen meist nur eintriebige Pflanzen, bei sehr gutem Gartenboden sind vieltriebige und eher mastige Leinkr\u00e4uter zu erwarten.&nbsp;<\/p>\n\n\n\n<p class=\"has-text-color has-link-color wp-elements-c62b94c3881494e2d4793a75eb1d67b4\" style=\"color:#000000d4\">Im Handel werden neben der Art auch wei\u00dfe (Linaria purpurea \u2019Alba\u2019) und rosafarbene Auslesen (Linaria purpurea \u2019Canon Went\u2019) angeboten, die gleicherma\u00dfen bei Insekten hoch im Kurs stehen. Es gibt auch viele sch\u00f6ne andere gartenw\u00fcrdige Leinkraut-Arten &#8211; dazu geh\u00f6ren <em>Linaria maroccana, Linaria aeruginea<\/em> und <em>Linaria alpina<\/em>, die fast ausschlie\u00dflich als Saat im Handel sind. <\/p>\n\n\n<style>.wp-block-kadence-advancedbtn.kb-btns8949_2d7c5d-0a{gap:var(--global-kb-gap-xs, 0.5rem );justify-content:flex-start;align-items:center;}.kt-btns8949_2d7c5d-0a .kt-button{font-weight:normal;font-style:normal;}.kt-btns8949_2d7c5d-0a .kt-btn-wrap-0{margin-right:5px;}.wp-block-kadence-advancedbtn.kt-btns8949_2d7c5d-0a .kt-btn-wrap-0 .kt-button{color:#555555;border-color:#555555;}.wp-block-kadence-advancedbtn.kt-btns8949_2d7c5d-0a .kt-btn-wrap-0 .kt-button:hover, .wp-block-kadence-advancedbtn.kt-btns8949_2d7c5d-0a .kt-btn-wrap-0 .kt-button:focus{color:#ffffff;border-color:#444444;}.wp-block-kadence-advancedbtn.kt-btns8949_2d7c5d-0a .kt-btn-wrap-0 .kt-button::before{display:none;}.wp-block-kadence-advancedbtn.kt-btns8949_2d7c5d-0a .kt-btn-wrap-0 .kt-button:hover, .wp-block-kadence-advancedbtn.kt-btns8949_2d7c5d-0a .kt-btn-wrap-0 .kt-button:focus{background:#444444;}<\/style>\n<div class=\"wp-block-kadence-advancedbtn kb-buttons-wrap kb-btns8949_2d7c5d-0a\"><style>ul.menu .wp-block-kadence-advancedbtn .kb-btn8949_bd0977-b7.kb-button{width:initial;}.wp-block-kadence-advancedbtn .kb-btn8949_bd0977-b7.kb-button{color:#000000;background:#b8c298;}<\/style><a class=\"kb-button kt-button button kb-btn8949_bd0977-b7 kt-btn-size-standard kt-btn-width-type-auto kb-btn-global-fill  kt-btn-has-text-true kt-btn-has-svg-false  wp-block-kadence-singlebtn\" href=\"https:\/\/www.zwiebelblueher.de\/wp\/blog\/\"><span class=\"kt-btn-inner-text\"> > Zur\u00fcck zur \u00dcbersicht<\/span><\/a><\/div>\n<\/div>\n<\/div>\n","protected":false},"excerpt":{"rendered":"<p>Linaria purpurea &#8211; Purpur-Leinkraut Das aus dem Mittelmeergebiet stammende Purpur-Leinkraut z\u00e4hlt zu den kurzlebigen Stauden. Gut n\u00e4hrstoffversorgte Pflanzen bilden im zweiten Jahr mehrere bis zu 80cm hohe dicht blaugr\u00fcn belaubte Triebe mit vielbl\u00fctigen endst\u00e4ndigen Infloreszenzen, wobei man schon genau hinschauen muss, um die gespornten Einzelbl\u00fcten erkennen zu k\u00f6nnen. Besonders h\u00e4ufig besuchen eher kleine Hummeln die &hellip;<\/p>\n","protected":false},"author":1,"featured_media":0,"parent":0,"menu_order":0,"comment_status":"closed","ping_status":"closed","template":"","meta":{"footnotes":""},"class_list":["post-8949","page","type-page","status-publish","hentry"],"_links":{"self":[{"href":"https:\/\/www.zwiebelblueher.de\/wp\/wp-json\/wp\/v2\/pages\/8949","targetHints":{"allow":["GET"]}}],"collection":[{"href":"https:\/\/www.zwiebelblueher.de\/wp\/wp-json\/wp\/v2\/pages"}],"about":[{"href":"https:\/\/www.zwiebelblueher.de\/wp\/wp-json\/wp\/v2\/types\/page"}],"author":[{"embeddable":true,"href":"https:\/\/www.zwiebelblueher.de\/wp\/wp-json\/wp\/v2\/users\/1"}],"replies":[{"embeddable":true,"href":"https:\/\/www.zwiebelblueher.de\/wp\/wp-json\/wp\/v2\/comments?post=8949"}],"version-history":[{"count":6,"href":"https:\/\/www.zwiebelblueher.de\/wp\/wp-json\/wp\/v2\/pages\/8949\/revisions"}],"predecessor-version":[{"id":9070,"href":"https:\/\/www.zwiebelblueher.de\/wp\/wp-json\/wp\/v2\/pages\/8949\/revisions\/9070"}],"wp:attachment":[{"href":"https:\/\/www.zwiebelblueher.de\/wp\/wp-json\/wp\/v2\/media?parent=8949"}],"curies":[{"name":"wp","href":"https:\/\/api.w.org\/{rel}","templated":true}]}}